{"id":94,"date":"2025-03-20T09:01:48","date_gmt":"2025-03-20T09:01:48","guid":{"rendered":"https:\/\/www.kymenlaaksonetsintakoirat.fi\/?page_id=94"},"modified":"2025-05-25T08:54:36","modified_gmt":"2025-05-25T08:54:36","slug":"etusivu","status":"publish","type":"page","link":"https:\/\/www.kymenlaaksonetsintakoirat.fi\/","title":{"rendered":""},"content":{"rendered":"\n<p><\/p>\n\n\n\n<p>Kymenlaakson Etsint\u00e4koirat Ry on Kotkassa ja sen l\u00e4hiseuduilla toimiva ryhm\u00e4, joka koostuu vapaaehtoispohjalla toimivista ihmisist\u00e4. Toimimme yhteisty\u00f6ss\u00e4 viranomaisten sek\u00e4 vapaaehtoisen Pelastuspalvelun kanssa. <\/p>\n\n\n\n<p>Yhdistys tarjoaa sen j\u00e4senilleen mahdollisuuden kouluttaa koiria tehokkaasti ja koirayst\u00e4v\u00e4llisesti niin pelastustoiminnan, kuin perustottelevaisuudenkin osalta. Tarkoituksena onkin kouluttaa koiria ja niiden ohjaajia viranomaisten m\u00e4\u00e4r\u00e4\u00e4miin etsint\u00e4teht\u00e4viin. Kaikilla koirakoilla on t\u00e4ht\u00e4imess\u00e4 h\u00e4lytysvalmius ja sit\u00e4 kautta valmiudet etsint\u00e4teht\u00e4viin. <\/p>\n\n\n\n<p>Suomen Pelastuskoiraliitto on m\u00e4\u00e4ritt\u00e4nyt tietyt vaatimukset etsint\u00e4teht\u00e4viss\u00e4 k\u00e4ytett\u00e4ville koirille ja ohjaajille. Niit\u00e4 vaatimuksia testataankin koirille ja ohjaajille j\u00e4rjestett\u00e4vill\u00e4 kokeilla. Jotta koirakko voi saada h\u00e4lytysvalmiuden ja mahdollisuuden osallistua etsint\u00e4t\u00f6ihin, pit\u00e4\u00e4 kokeet suorittaa hyv\u00e4ksytysti. <\/p>\n\n\n\n<p>H\u00e4lytysvalmiin koirakon taitoja testataan vuosittain taidontarkastuskokeissa. J\u00e4senist\u00f6mme taitoja yll\u00e4pidet\u00e4\u00e4n my\u00f6s esimerkiksi vapaaehtoisen pelastuspalvelun j\u00e4rjest\u00e4mill\u00e4 erilaisilla kursseilla ja harjoituksilla. <\/p>\n\n\n\n<figure class=\"wp-block-gallery has-nested-images columns-default is-cropped wp-block-gallery-1 is-layout-flex wp-block-gallery-is-layout-flex\"><div class=\"wp-block-image\">\n<figure class=\"aligncenter size-large\"><img loading=\"lazy\" decoding=\"async\" width=\"1024\" height=\"683\" data-id=\"122\" src=\"https:\/\/www.kymenlaaksonetsintakoirat.fi\/wp-content\/uploads\/2025\/05\/IMG_5094-1024x683.jpg\" alt=\"\" class=\"wp-image-122\" srcset=\"https:\/\/www.kymenlaaksonetsintakoirat.fi\/wp-content\/uploads\/2025\/05\/IMG_5094-1024x683.jpg 1024w, https:\/\/www.kymenlaaksonetsintakoirat.fi\/wp-content\/uploads\/2025\/05\/IMG_5094-300x200.jpg 300w, https:\/\/www.kymenlaaksonetsintakoirat.fi\/wp-content\/uploads\/2025\/05\/IMG_5094-768x512.jpg 768w, https:\/\/www.kymenlaaksonetsintakoirat.fi\/wp-content\/uploads\/2025\/05\/IMG_5094-1536x1024.jpg 1536w, https:\/\/www.kymenlaaksonetsintakoirat.fi\/wp-content\/uploads\/2025\/05\/IMG_5094-450x300.jpg 450w, https:\/\/www.kymenlaaksonetsintakoirat.fi\/wp-content\/uploads\/2025\/05\/IMG_5094.jpg 1620w\" sizes=\"auto, (max-width: 1024px) 100vw, 1024px\" \/><\/figure>\n<\/div><\/figure>\n","protected":false},"excerpt":{"rendered":"<p>Kymenlaakson Etsint\u00e4koirat Ry on Kotkassa ja sen l\u00e4hiseuduilla toimiva ryhm\u00e4, joka koostuu vapaaehtoispohjalla toimivista ihmisist\u00e4. Toimimme yhteisty\u00f6ss\u00e4 viranomaisten sek\u00e4 vapaaehtoisen Pelastuspalvelun kanssa. Yhdistys tarjoaa sen j\u00e4senilleen mahdollisuuden kouluttaa koiria tehokkaasti ja koirayst\u00e4v\u00e4llisesti niin pelastustoiminnan, kuin perustottelevaisuudenkin osalta. Tarkoituksena onkin kouluttaa &hellip; <a href=\"https:\/\/www.kymenlaaksonetsintakoirat.fi\/\">Lue loppuun <span class=\"meta-nav\">&rarr;<\/span><\/a><\/p>\n","protected":false},"author":1,"featured_media":0,"parent":0,"menu_order":0,"comment_status":"closed","ping_status":"closed","template":"sidebar-page.php","meta":{"ngg_post_thumbnail":0,"footnotes":""},"class_list":["post-94","page","type-page","status-publish","hentry"],"_links":{"self":[{"href":"https:\/\/www.kymenlaaksonetsintakoirat.fi\/index.php\/wp-json\/wp\/v2\/pages\/94","targetHints":{"allow":["GET"]}}],"collection":[{"href":"https:\/\/www.kymenlaaksonetsintakoirat.fi\/index.php\/wp-json\/wp\/v2\/pages"}],"about":[{"href":"https:\/\/www.kymenlaaksonetsintakoirat.fi\/index.php\/wp-json\/wp\/v2\/types\/page"}],"author":[{"embeddable":true,"href":"https:\/\/www.kymenlaaksonetsintakoirat.fi\/index.php\/wp-json\/wp\/v2\/users\/1"}],"replies":[{"embeddable":true,"href":"https:\/\/www.kymenlaaksonetsintakoirat.fi\/index.php\/wp-json\/wp\/v2\/comments?post=94"}],"version-history":[{"count":4,"href":"https:\/\/www.kymenlaaksonetsintakoirat.fi\/index.php\/wp-json\/wp\/v2\/pages\/94\/revisions"}],"predecessor-version":[{"id":124,"href":"https:\/\/www.kymenlaaksonetsintakoirat.fi\/index.php\/wp-json\/wp\/v2\/pages\/94\/revisions\/124"}],"wp:attachment":[{"href":"https:\/\/www.kymenlaaksonetsintakoirat.fi\/index.php\/wp-json\/wp\/v2\/media?parent=94"}],"curies":[{"name":"wp","href":"https:\/\/api.w.org\/{rel}","templated":true}]}}