{"id":79,"date":"2025-03-12T15:12:57","date_gmt":"2025-03-12T15:12:57","guid":{"rendered":"https:\/\/www.kymenlaaksonetsintakoirat.fi\/?page_id=79"},"modified":"2025-03-12T15:12:57","modified_gmt":"2025-03-12T15:12:57","slug":"lahjoita","status":"publish","type":"page","link":"http:\/\/www.kymenlaaksonetsintakoirat.fi\/index.php\/lahjoita\/","title":{"rendered":"Lahjoita"},"content":{"rendered":"\n<p>Meille voit tehd\u00e4 lahjoituksen tilisiirtona ja n\u00e4in tukea kymenlaakson etsint\u00e4koirat ry:t\u00e4.<\/p>\n\n\n\n<p>Saaja: Kymenlaason etsint\u00e4koirat ry<\/p>\n\n\n\n<p>Tilinumero: FI36 5172 0220 0866 73<\/p>\n\n\n\n<p>Viesti: lahjoitus50 (lahjoitus 50\u20ac)<\/p>\n\n\n\n<p>Y-Tunnus: 3061774-9<\/p>\n","protected":false},"excerpt":{"rendered":"<p>Meille voit tehd\u00e4 lahjoituksen tilisiirtona ja n\u00e4in tukea kymenlaakson etsint\u00e4koirat ry:t\u00e4. Saaja: Kymenlaason etsint\u00e4koirat ry Tilinumero: FI36 5172 0220 0866 73 Viesti: lahjoitus50 (lahjoitus 50\u20ac) Y-Tunnus: 3061774-9<\/p>\n","protected":false},"author":1,"featured_media":0,"parent":0,"menu_order":0,"comment_status":"closed","ping_status":"closed","template":"","meta":{"ngg_post_thumbnail":0,"footnotes":""},"class_list":["post-79","page","type-page","status-publish","hentry"],"_links":{"self":[{"href":"http:\/\/www.kymenlaaksonetsintakoirat.fi\/index.php\/wp-json\/wp\/v2\/pages\/79","targetHints":{"allow":["GET"]}}],"collection":[{"href":"http:\/\/www.kymenlaaksonetsintakoirat.fi\/index.php\/wp-json\/wp\/v2\/pages"}],"about":[{"href":"http:\/\/www.kymenlaaksonetsintakoirat.fi\/index.php\/wp-json\/wp\/v2\/types\/page"}],"author":[{"embeddable":true,"href":"http:\/\/www.kymenlaaksonetsintakoirat.fi\/index.php\/wp-json\/wp\/v2\/users\/1"}],"replies":[{"embeddable":true,"href":"http:\/\/www.kymenlaaksonetsintakoirat.fi\/index.php\/wp-json\/wp\/v2\/comments?post=79"}],"version-history":[{"count":2,"href":"http:\/\/www.kymenlaaksonetsintakoirat.fi\/index.php\/wp-json\/wp\/v2\/pages\/79\/revisions"}],"predecessor-version":[{"id":81,"href":"http:\/\/www.kymenlaaksonetsintakoirat.fi\/index.php\/wp-json\/wp\/v2\/pages\/79\/revisions\/81"}],"wp:attachment":[{"href":"http:\/\/www.kymenlaaksonetsintakoirat.fi\/index.php\/wp-json\/wp\/v2\/media?parent=79"}],"curies":[{"name":"wp","href":"https:\/\/api.w.org\/{rel}","templated":true}]}}