{"id":6,"date":"2024-04-06T10:34:30","date_gmt":"2024-04-06T10:34:30","guid":{"rendered":"http:\/\/www.kymenlaaksonetsintakoirat.fi\/?page_id=6"},"modified":"2025-05-25T09:12:47","modified_gmt":"2025-05-25T09:12:47","slug":"yhteystiedot","status":"publish","type":"page","link":"http:\/\/www.kymenlaaksonetsintakoirat.fi\/index.php\/yhteystiedot\/","title":{"rendered":"Yhteystiedot"},"content":{"rendered":"\n<p><\/p>\n\n\n\n<p>Kay Stoerkel : kay@kymenlaaksonetsintakoirat.fi<\/p>\n\n\n\n<p>Teemu Mattila: teemu@kymenlaaksonetsintakoirat.fi<\/p>\n\n\n\n<p>Kymenlaakson etsint\u00e4koirien s\u00e4hk\u00f6posti: info@kymenlaaksonetsintakoirat.fi<\/p>\n\n\n\n<figure class=\"wp-block-gallery has-nested-images columns-default is-cropped wp-block-gallery-1 is-layout-flex wp-block-gallery-is-layout-flex\">\n<figure class=\"wp-block-image size-large\"><img loading=\"lazy\" decoding=\"async\" width=\"683\" height=\"1024\" data-id=\"127\" src=\"https:\/\/www.kymenlaaksonetsintakoirat.fi\/wp-content\/uploads\/2025\/05\/IMG_4878-683x1024.jpg\" alt=\"\" class=\"wp-image-127\" srcset=\"http:\/\/www.kymenlaaksonetsintakoirat.fi\/wp-content\/uploads\/2025\/05\/IMG_4878-683x1024.jpg 683w, http:\/\/www.kymenlaaksonetsintakoirat.fi\/wp-content\/uploads\/2025\/05\/IMG_4878-200x300.jpg 200w, http:\/\/www.kymenlaaksonetsintakoirat.fi\/wp-content\/uploads\/2025\/05\/IMG_4878-768x1152.jpg 768w, http:\/\/www.kymenlaaksonetsintakoirat.fi\/wp-content\/uploads\/2025\/05\/IMG_4878-1024x1536.jpg 1024w, http:\/\/www.kymenlaaksonetsintakoirat.fi\/wp-content\/uploads\/2025\/05\/IMG_4878.jpg 1080w\" sizes=\"auto, (max-width: 683px) 100vw, 683px\" \/><\/figure>\n<\/figure>\n","protected":false},"excerpt":{"rendered":"<p>Kay Stoerkel : kay@kymenlaaksonetsintakoirat.fi Teemu Mattila: teemu@kymenlaaksonetsintakoirat.fi Kymenlaakson etsint\u00e4koirien s\u00e4hk\u00f6posti: info@kymenlaaksonetsintakoirat.fi<\/p>\n","protected":false},"author":1,"featured_media":0,"parent":0,"menu_order":0,"comment_status":"closed","ping_status":"closed","template":"","meta":{"ngg_post_thumbnail":0,"footnotes":""},"class_list":["post-6","page","type-page","status-publish","hentry"],"_links":{"self":[{"href":"http:\/\/www.kymenlaaksonetsintakoirat.fi\/index.php\/wp-json\/wp\/v2\/pages\/6","targetHints":{"allow":["GET"]}}],"collection":[{"href":"http:\/\/www.kymenlaaksonetsintakoirat.fi\/index.php\/wp-json\/wp\/v2\/pages"}],"about":[{"href":"http:\/\/www.kymenlaaksonetsintakoirat.fi\/index.php\/wp-json\/wp\/v2\/types\/page"}],"author":[{"embeddable":true,"href":"http:\/\/www.kymenlaaksonetsintakoirat.fi\/index.php\/wp-json\/wp\/v2\/users\/1"}],"replies":[{"embeddable":true,"href":"http:\/\/www.kymenlaaksonetsintakoirat.fi\/index.php\/wp-json\/wp\/v2\/comments?post=6"}],"version-history":[{"count":10,"href":"http:\/\/www.kymenlaaksonetsintakoirat.fi\/index.php\/wp-json\/wp\/v2\/pages\/6\/revisions"}],"predecessor-version":[{"id":129,"href":"http:\/\/www.kymenlaaksonetsintakoirat.fi\/index.php\/wp-json\/wp\/v2\/pages\/6\/revisions\/129"}],"wp:attachment":[{"href":"http:\/\/www.kymenlaaksonetsintakoirat.fi\/index.php\/wp-json\/wp\/v2\/media?parent=6"}],"curies":[{"name":"wp","href":"https:\/\/api.w.org\/{rel}","templated":true}]}}