{"id":18,"date":"2024-04-06T10:36:54","date_gmt":"2024-04-06T10:36:54","guid":{"rendered":"https:\/\/www.kymenlaaksonetsintakoirat.fi\/?page_id=18"},"modified":"2025-05-25T09:17:28","modified_gmt":"2025-05-25T09:17:28","slug":"meidan-tarina","status":"publish","type":"page","link":"http:\/\/www.kymenlaaksonetsintakoirat.fi\/index.php\/meidan-tarina\/","title":{"rendered":"Tietoa meist\u00e4"},"content":{"rendered":"\n<p>T\u00e4ll\u00e4 hetkell\u00e4 aktiivisia j\u00e4seni\u00e4 on 5, jotka treenaavat yleens\u00e4 kerranviikossa keskiviikkoisin. Toimimme Kymenlaakson alueella, aktiivisesti treenipaikkoja vaihdellen. T\u00e4ll\u00e4 hetkell\u00e4 ryhm\u00e4ss\u00e4 on kaksi h\u00e4lytysvalmista koiraa. <\/p>\n\n\n\n<p>Jos seuran harrastustoiminta kiinnostaa ja ota rohkeasti yhteytt\u00e4 info@kymenlaaksonetsintakoirat.fi .<\/p>\n\n\n\n<figure class=\"wp-block-gallery has-nested-images columns-default is-cropped wp-block-gallery-1 is-layout-flex wp-block-gallery-is-layout-flex\">\n<figure class=\"wp-block-image size-large\"><img loading=\"lazy\" decoding=\"async\" width=\"1024\" height=\"683\" data-id=\"132\" src=\"https:\/\/www.kymenlaaksonetsintakoirat.fi\/wp-content\/uploads\/2025\/05\/IMG_4989-1-1024x683.jpg\" alt=\"\" class=\"wp-image-132\" srcset=\"http:\/\/www.kymenlaaksonetsintakoirat.fi\/wp-content\/uploads\/2025\/05\/IMG_4989-1-1024x683.jpg 1024w, http:\/\/www.kymenlaaksonetsintakoirat.fi\/wp-content\/uploads\/2025\/05\/IMG_4989-1-300x200.jpg 300w, http:\/\/www.kymenlaaksonetsintakoirat.fi\/wp-content\/uploads\/2025\/05\/IMG_4989-1-768x512.jpg 768w, http:\/\/www.kymenlaaksonetsintakoirat.fi\/wp-content\/uploads\/2025\/05\/IMG_4989-1-1536x1024.jpg 1536w, http:\/\/www.kymenlaaksonetsintakoirat.fi\/wp-content\/uploads\/2025\/05\/IMG_4989-1-450x300.jpg 450w, http:\/\/www.kymenlaaksonetsintakoirat.fi\/wp-content\/uploads\/2025\/05\/IMG_4989-1.jpg 1620w\" sizes=\"auto, (max-width: 1024px) 100vw, 1024px\" \/><\/figure>\n<\/figure>\n","protected":false},"excerpt":{"rendered":"<p>T\u00e4ll\u00e4 hetkell\u00e4 aktiivisia j\u00e4seni\u00e4 on 5, jotka treenaavat yleens\u00e4 kerranviikossa keskiviikkoisin. Toimimme Kymenlaakson alueella, aktiivisesti treenipaikkoja vaihdellen. T\u00e4ll\u00e4 hetkell\u00e4 ryhm\u00e4ss\u00e4 on kaksi h\u00e4lytysvalmista koiraa. Jos seuran harrastustoiminta kiinnostaa ja ota rohkeasti yhteytt\u00e4 info@kymenlaaksonetsintakoirat.fi .<\/p>\n","protected":false},"author":1,"featured_media":0,"parent":0,"menu_order":0,"comment_status":"closed","ping_status":"closed","template":"","meta":{"ngg_post_thumbnail":0,"footnotes":""},"class_list":["post-18","page","type-page","status-publish","hentry"],"_links":{"self":[{"href":"http:\/\/www.kymenlaaksonetsintakoirat.fi\/index.php\/wp-json\/wp\/v2\/pages\/18","targetHints":{"allow":["GET"]}}],"collection":[{"href":"http:\/\/www.kymenlaaksonetsintakoirat.fi\/index.php\/wp-json\/wp\/v2\/pages"}],"about":[{"href":"http:\/\/www.kymenlaaksonetsintakoirat.fi\/index.php\/wp-json\/wp\/v2\/types\/page"}],"author":[{"embeddable":true,"href":"http:\/\/www.kymenlaaksonetsintakoirat.fi\/index.php\/wp-json\/wp\/v2\/users\/1"}],"replies":[{"embeddable":true,"href":"http:\/\/www.kymenlaaksonetsintakoirat.fi\/index.php\/wp-json\/wp\/v2\/comments?post=18"}],"version-history":[{"count":7,"href":"http:\/\/www.kymenlaaksonetsintakoirat.fi\/index.php\/wp-json\/wp\/v2\/pages\/18\/revisions"}],"predecessor-version":[{"id":133,"href":"http:\/\/www.kymenlaaksonetsintakoirat.fi\/index.php\/wp-json\/wp\/v2\/pages\/18\/revisions\/133"}],"wp:attachment":[{"href":"http:\/\/www.kymenlaaksonetsintakoirat.fi\/index.php\/wp-json\/wp\/v2\/media?parent=18"}],"curies":[{"name":"wp","href":"https:\/\/api.w.org\/{rel}","templated":true}]}}